{"id":189,"date":"2019-11-26T14:54:10","date_gmt":"2019-11-26T19:54:10","guid":{"rendered":"http:\/\/www.enlaarboleda.com\/web\/?post_type=product&#038;p=189"},"modified":"2026-03-30T03:40:56","modified_gmt":"2026-03-30T08:40:56","slug":"camiseta","status":"publish","type":"product","link":"https:\/\/www.enlaarboleda.com\/en\/product\/camiseta\/","title":{"rendered":"T-SHIRT"},"content":{"rendered":"","protected":false},"excerpt":{"rendered":"<p>Men's or women's light gray t-shirt with black line print. This illustration corresponds to the artwork of the seventh song of the album, Vuelo. Specify your size, t-shirts are made to order. We don't have extra units, try not to make a mistake.<\/p>","protected":false},"featured_media":898,"comment_status":"open","ping_status":"closed","template":"","meta":[],"class_list":["post-189","product","type-product","status-publish","has-post-thumbnail","hentry","product_cat-merchandising"],"yoast_head":"<!-- This site is optimized with the Yoast SEO plugin v15.3 - https:\/\/yoast.com\/wordpress\/plugins\/seo\/ -->\n<title>CAMISETA - Enla Arboleda<\/title>\n<meta name=\"robots\" content=\"index, follow, max-snippet:-1, max-image-preview:large, max-video-preview:-1\" \/>\n<link rel=\"canonical\" href=\"https:\/\/www.enlaarboleda.com\/en\/product\/camiseta\/\" \/>\n<meta property=\"og:locale\" content=\"en_US\" \/>\n<meta property=\"og:type\" content=\"article\" \/>\n<meta property=\"og:title\" content=\"CAMISETA - Enla Arboleda\" \/>\n<meta property=\"og:description\" content=\"Camiseta gris clara hombre o mujer con estampado l\u00ednea negra. Esta ilustraci\u00f3n corresponde al arte de la s\u00e9ptima canci\u00f3n del \u00e1lbum, Vuelo. Especifica t\u00fa talla, las camisetas se hacen por pedido. No contamos con unidades extra, trata de no equivocarte.\" \/>\n<meta property=\"og:url\" content=\"https:\/\/www.enlaarboleda.com\/en\/product\/camiseta\/\" \/>\n<meta property=\"og:site_name\" content=\"Enla Arboleda\" \/>\n<meta property=\"article:modified_time\" content=\"2026-03-30T08:40:56+00:00\" \/>\n<meta property=\"og:image\" content=\"https:\/\/www.enlaarboleda.com\/wp-content\/uploads\/2019\/11\/CAMISETA-scaled.jpg\" \/>\n\t<meta property=\"og:image:width\" content=\"2560\" \/>\n\t<meta property=\"og:image:height\" content=\"2560\" \/>\n<meta name=\"twitter:card\" content=\"summary_large_image\" \/>\n<meta name=\"twitter:label1\" content=\"Written by\">\n\t<meta name=\"twitter:data1\" content=\"enlaarboleda\">\n<script type=\"application\/ld+json\" class=\"yoast-schema-graph\">{\"@context\":\"https:\/\/schema.org\",\"@graph\":[{\"@type\":\"WebSite\",\"@id\":\"https:\/\/www.enlaarboleda.com\/#website\",\"url\":\"https:\/\/www.enlaarboleda.com\/\",\"name\":\"Enla Arboleda\",\"description\":\"Official Website\",\"potentialAction\":[{\"@type\":\"SearchAction\",\"target\":\"https:\/\/www.enlaarboleda.com\/?s={search_term_string}\",\"query-input\":\"required name=search_term_string\"}],\"inLanguage\":\"en-US\"},{\"@type\":\"ImageObject\",\"@id\":\"https:\/\/www.enlaarboleda.com\/producto\/camiseta\/#primaryimage\",\"inLanguage\":\"en-US\",\"url\":\"https:\/\/www.enlaarboleda.com\/wp-content\/uploads\/2019\/11\/CAMISETA-scaled.jpg\",\"width\":2560,\"height\":2560},{\"@type\":\"WebPage\",\"@id\":\"https:\/\/www.enlaarboleda.com\/producto\/camiseta\/#webpage\",\"url\":\"https:\/\/www.enlaarboleda.com\/producto\/camiseta\/\",\"name\":\"CAMISETA - Enla Arboleda\",\"isPartOf\":{\"@id\":\"https:\/\/www.enlaarboleda.com\/#website\"},\"primaryImageOfPage\":{\"@id\":\"https:\/\/www.enlaarboleda.com\/producto\/camiseta\/#primaryimage\"},\"datePublished\":\"2019-11-26T19:54:10+00:00\",\"dateModified\":\"2026-03-30T08:40:56+00:00\",\"inLanguage\":\"en-US\",\"potentialAction\":[{\"@type\":\"ReadAction\",\"target\":[\"https:\/\/www.enlaarboleda.com\/producto\/camiseta\/\"]}]}]}<\/script>\n<!-- \/ Yoast SEO plugin. -->","_links":{"self":[{"href":"https:\/\/www.enlaarboleda.com\/en\/wp-json\/wp\/v2\/product\/189"}],"collection":[{"href":"https:\/\/www.enlaarboleda.com\/en\/wp-json\/wp\/v2\/product"}],"about":[{"href":"https:\/\/www.enlaarboleda.com\/en\/wp-json\/wp\/v2\/types\/product"}],"replies":[{"embeddable":true,"href":"https:\/\/www.enlaarboleda.com\/en\/wp-json\/wp\/v2\/comments?post=189"}],"wp:featuredmedia":[{"embeddable":true,"href":"https:\/\/www.enlaarboleda.com\/en\/wp-json\/wp\/v2\/media\/898"}],"wp:attachment":[{"href":"https:\/\/www.enlaarboleda.com\/en\/wp-json\/wp\/v2\/media?parent=189"}],"curies":[{"name":"wp","href":"https:\/\/api.w.org\/{rel}","templated":true}]}}